{"id":1369,"date":"2021-02-12T13:47:03","date_gmt":"2021-02-12T13:47:03","guid":{"rendered":"https:\/\/www.drprevot.com\/?page_id=1369"},"modified":"2021-03-23T18:17:07","modified_gmt":"2021-03-23T18:17:07","slug":"mini-lift","status":"publish","type":"page","link":"https:\/\/www.drprevot.com\/en\/cosmetic-surgery\/facial-surgery\/mini-lift\/","title":{"rendered":"Mini Lift"},"content":{"rendered":"<p>[vc_row el_class=&#8221;paragraph__light&#8221;][vc_column width=&#8221;1\/2&#8243;][vc_single_image image=&#8221;1370&#8243; img_size=&#8221;full&#8221;][\/vc_column][vc_column width=&#8221;1\/2&#8243;][vc_column_text el_class=&#8221;title&#8221;]<\/p>\n<h1>Mini Lift<\/h1>\n<p>Your neck is not too wrinkled but your cheeks have lost their firmness and have started to lower? A mini lift is the best treatment for you, it can be performed under ambulatory local anesthesia and only requires a few days of downtime.<br \/>\n[\/vc_column_text][vc_column_text]<a href=\"\" class=\"btn btn__primary\">\n            <svg xmlns=\"http:\/\/www.w3.org\/2000\/svg\" xmlns:xlink=\"http:\/\/www.w3.org\/1999\/xlink\" version=\"1.1\" viewBox=\"0 0 278.419 278.419\" enable-background=\"new 0 0 278.419 278.419\">\n                <path d=\"m234.916,26.102h-34.802v-8.701c0-5.22-3.48-8.701-8.701-8.701s-8.701,3.48-8.701,8.701v8.701h-87.005v-8.701c0-5.22-3.48-8.701-8.701-8.701-5.22,0-8.701,3.48-8.701,8.701v8.701h-34.802c-24.362,0-43.503,19.141-43.503,43.503v156.611c0,24.362 19.141,43.503 43.503,43.503h191.413c24.362,0 43.503-19.141 43.503-43.503v-156.611c0-24.362-19.141-43.503-43.503-43.503zm-217.515,43.503c-1.06581e-14-13.921 12.181-26.102 26.102-26.102h34.802v8.701c0,5.22 3.48,8.701 8.701,8.701 5.22,0 8.701-3.48 8.701-8.701v-8.701h87.006v8.701c0,5.22 3.48,8.701 8.701,8.701s8.701-3.48 8.701-8.701v-8.701h34.802c13.921,0 26.102,12.181 26.102,26.102v26.102h-243.618v-26.102zm243.617,156.611c0,13.921-12.181,26.102-26.102,26.102h-191.413c-13.921,0-26.102-12.181-26.102-26.102v-113.108h243.617v113.108z\"><\/path>\n                <path d=\"m60.904,226.216c5.22,0 8.701-1.74 12.181-5.22 3.48-3.48 5.22-8.701 5.22-12.181s-1.74-8.701-5.22-12.181c-6.96-6.96-17.401-6.96-24.362,0-3.48,3.48-5.22,6.96-5.22,12.181 0,3.48 1.74,8.701 5.22,12.181s6.961,5.22 12.181,5.22z\"><\/path>\n                <path d=\"m60.904,174.012c5.22,0 8.701-1.74 12.181-5.22s5.22-8.701 5.22-12.181-1.74-8.701-5.22-12.181c-6.96-6.96-17.401-6.96-24.362,0-3.48,3.48-5.22,6.96-5.22,12.181 0,5.221 1.74,8.701 5.22,12.181s6.961,5.22 12.181,5.22z\"><\/path>\n                <path d=\"m113.108,226.216c5.22,0 8.701-1.74 12.181-5.22 3.48-3.48 5.22-8.701 5.22-12.181s-1.74-8.701-5.22-12.181c-6.96-6.96-17.401-6.96-24.362,0-3.48,3.48-5.22,8.701-5.22,12.181s1.74,8.701 5.22,12.181c3.48,3.48 6.961,5.22 12.181,5.22z\"><\/path>\n                <path d=\"m113.108,174.012c5.22,0 8.701-1.74 12.181-5.22 3.48-3.48 5.22-8.701 5.22-12.181s-1.74-8.701-5.22-12.181c-6.96-6.96-17.401-6.96-24.362,0-3.48,3.48-5.22,8.701-5.22,12.181s1.74,8.701 5.22,12.181c3.48,3.48 6.961,5.22 12.181,5.22z\"><\/path>\n                <path d=\"m165.311,226.216c5.22,0 8.701-1.74 12.181-5.22 3.48-3.48 5.22-6.96 5.22-12.181 0-5.221-1.74-8.701-5.22-12.181-6.96-6.96-17.401-6.96-24.362,0-3.48,3.48-5.22,8.701-5.22,12.181s1.74,8.701 5.22,12.181 6.961,5.22 12.181,5.22z\"><\/path>\n                <path d=\"m165.311,174.012c5.22,0 8.701-1.74 12.181-5.22s5.22-6.96 5.22-12.181c0-3.48-1.74-8.701-5.22-12.181-6.96-6.96-17.401-6.96-24.362,0-3.48,3.48-5.22,8.701-5.22,12.181s1.74,8.701 5.22,12.181 6.961,5.22 12.181,5.22z\"><\/path>\n                <path d=\"m217.515,226.216c5.22,0 8.701-1.74 12.181-5.22 3.48-3.48 5.22-8.701 5.22-12.181s-1.74-8.701-5.22-12.181c-6.96-6.96-17.401-6.96-24.362,0-3.48,3.48-5.22,6.96-5.22,12.181 0,3.48 1.74,8.701 5.22,12.181 3.48,3.48 6.961,5.22 12.181,5.22z\"><\/path>\n                <path d=\"m217.515,174.012c5.22,0 8.701-1.74 12.181-5.22s5.22-6.96 5.22-12.181c0-3.48-1.74-8.701-5.22-12.181-6.96-6.96-17.401-6.96-24.362,0-3.48,3.48-5.22,8.701-5.22,12.181s1.74,8.701 5.22,12.181c3.48,3.48 6.961,5.22 12.181,5.22z\"><\/path>\n            <\/svg>Book a consultation<\/a>[\/vc_column_text][\/vc_column][\/vc_row][vc_row][vc_column][vc_tta_tour active_section=&#8221;1&#8243; el_class=&#8221;vertical-accordion vertical-accordion__first-style&#8221;][vc_tta_section title=&#8221;Overview&#8221; tab_id=&#8221;overview&#8221;][vc_column_text el_class=&#8221;title title__md title__text-transform-inherit link__secondary&#8221; el_id=&#8221;overview&#8221;]<\/p>\n<h2>Overview<\/h2>\n<p>The mini lift was the first technique used in the early 1900\u2019s by pioneers like Eug\u00e8ne H\u00f6llander (1867-1932) ein 1902, C. Conrad Miller (1880-1950) in 1907 or Suzanne No\u00ebl (1878-1954) in 1912. This technique is still used extensively today, although it has been greatly improved over the years. I often perform it in combination with upper eyelid surgery. [\/vc_column_text][\/vc_tta_section][vc_tta_section title=&#8221;Is it for you?&#8221; tab_id=&#8221;indications&#8221;][vc_column_text el_class=&#8221;title title__md title__text-transform-inherit link__secondary&#8221; el_id=&#8221;indications&#8221;]<\/p>\n<h2>Is it for you?<\/h2>\n<p>Even a perfectly executed mini lift will give disappointing results to any patient with clear and visible signs of aging. The mini lift is ideal for early stages of sagging skin in the lower face area. The consultation is an important step to determine together whether this procedure is adapted for you, other techniques may be a better fit for your personal desires depending on your skin and face structure. [\/vc_column_text][\/vc_tta_section][vc_tta_section title=&#8221;Technique&#8221; tab_id=&#8221;technique&#8221;][vc_column_text el_class=&#8221;title title__md title__text-transform-inherit link__secondary&#8221; el_id=&#8221;technique&#8221;]<\/p>\n<h2>Technique<\/h2>\n<p>Par une ou deux petites incisions pratiqu\u00e9es dans les cheveux et dans les reliefs des oreilles si n\u00e9cessaire je vais chercher le bord des tissus rel\u00e2ch\u00e9s pour les fixer \u00e0 leur emplacement naturel.[\/vc_column_text][\/vc_tta_section][vc_tta_section title=&#8221;Procedure&#8221; tab_id=&#8221;procedure&#8221;][vc_column_text el_class=&#8221;title title__md title__text-transform-inherit link__secondary&#8221; el_id=&#8221;procedure&#8221;]<\/p>\n<h2>Procedure<\/h2>\n<p>The operation lasts about an hour and a half, but it is highly recommended that you stay at the clinic or medical office for at least four hours. Local anesthesia is performed while you are lying down; I then start the procedure with some music playing or while talking to you. You can feel my touch, but not the pain. Each side of the face is done symmetrically. Once the procedure is over, you can usually feel the stitches without any pain.<\/p>\n<p>A headband-shaped band-aid is placed around your head and over your ears, and, after having a cup of tea at the clinic, you can hide it with a hat or a scarf to go home.<br \/>\n[\/vc_column_text][\/vc_tta_section][vc_tta_section title=&#8221;After the operation&#8221; tab_id=&#8221;after&#8221;][vc_column_text el_class=&#8221;title title__md title__text-transform-inherit link__secondary&#8221; el_id=&#8221;after&#8221;]<\/p>\n<h2>After the operation<\/h2>\n<p>You may experience slight discomfort for 6 to 10 days, during which you will have to limit your professional and social activity. You will also have to restrain from driving for two days and sleep on your back for a week. Swelling will be the most noticeable the day following the surgery, but it is generally mild and bearable. You may have bruises on the cheeks and the neck. [\/vc_column_text][\/vc_tta_section][vc_tta_section title=&#8221;Results&#8221; tab_id=&#8221;results&#8221;][vc_column_text el_class=&#8221;title title__md title__text-transform-inherit link__secondary&#8221; el_id=&#8221;results&#8221;]<\/p>\n<h2>Results<\/h2>\n<p>Results are immediately visible, you can notice the firmness and oval shape of your face as soon as swelling reduces. The result is considered permanent after two months. SOme monir scars can remain red for a few months, but it is easy to hide them.<br \/>\n[\/vc_column_text][\/vc_tta_section][\/vc_tta_tour][\/vc_column][\/vc_row][vc_section disable_element=&#8221;yes&#8221; el_class=&#8221;faq&#8221;][vc_row][vc_column][vc_column_text el_class=&#8221;faq__title&#8221;]<\/p>\n<h1>Questions fr\u00e9quentes pos\u00e9es<\/h1>\n<p>[\/vc_column_text][vc_tta_accordion active_section=&#8221;1&#8243; el_class=&#8221;horizontal-accordion horizontal-accordion__first-style&#8221;][vc_tta_section title=&#8221;Section 1&#8243; tab_id=&#8221;1542203872268-5100d229-0be9&#8243;][vc_column_text]Je suis un bloc de texte, cliquez sur le bouton &#8220;\u00e9diter&#8221; pour me modifier. Lorem ipsum dolor sit amet, consectetur adipiscing elit. Ut elit tellus, luctus nec ullamcorper mattis, pulvinar dapibus leo.[\/vc_column_text][\/vc_tta_section][vc_tta_section title=&#8221;Section 2&#8243; tab_id=&#8221;1542203872288-780e3c1d-9950&#8243;][\/vc_tta_section][\/vc_tta_accordion][\/vc_column][\/vc_row][\/vc_section][vc_row][vc_column][vc_column_text]<br \/>\n[\/vc_column_text][\/vc_column][\/vc_row][vc_section el_class=&#8221;learn-more-block&#8221;][vc_row el_class=&#8221;learn-more-block__texts&#8221;][vc_column][vc_column_text]<\/p>\n<h2>Treatments for the oval of the face and neck<\/h2>\n<p>[\/vc_column_text][vc_column_text el_class=&#8221;btn_4_sides btn_4_sides__primary&#8221;]<a href=\"\/en\/cosmetic-surgery\/facial-surgery\/facelift\/\"><strong>Facelift<\/strong><\/a><\/p>\n<p><a href=\"\/en\/cosmetic-surgery\/facial-surgery\/micro-lift\/\"><strong>Micro lift<\/strong><\/a><\/p>\n<p><a href=\"\/en\/cosmetic-surgery\/facial-surgery\/lipofilling\/\"><strong>Lipofilling<\/strong><\/a>[\/vc_column_text][\/vc_column][\/vc_row][\/vc_section]<\/p>\n","protected":false},"excerpt":{"rendered":"<p>[vc_row el_class=&#8221;paragraph__light&#8221;][vc_column width=&#8221;1\/2&#8243;][vc_single_image image=&#8221;1370&#8243; img_size=&#8221;full&#8221;][\/vc_column][vc_column width=&#8221;1\/2&#8243;][vc_column_text el_class=&#8221;title&#8221;] Mini Lift Your neck is not too wrinkled but your cheeks have lost their firmness and have started to lower? A mini lift is the best treatment for you, it can be performed under ambulatory local anesthesia and only requires a few days of downtime. [\/vc_column_text][vc_column_text][\/vc_column_text][\/vc_column][\/vc_row][vc_row][vc_column][vc_tta_tour active_section=&#8221;1&#8243; el_class=&#8221;vertical-accordion [&hellip;]<\/p>\n","protected":false},"author":5,"featured_media":0,"parent":1360,"menu_order":0,"comment_status":"open","ping_status":"closed","template":"template-internal-page.php","meta":{"_acf_changed":false,"footnotes":""},"class_list":["post-1369","page","type-page","status-publish","hentry"],"acf":[],"yoast_head":"<!-- This site is optimized with the Yoast SEO plugin v27.1.1 - https:\/\/yoast.com\/product\/yoast-seo-wordpress\/ -->\n<title>Mini Lift in Geneva - Dr. Prevot, Cosmetic and Reconstructive Surgery<\/title>\n<meta name=\"description\" content=\"If you notice that your skin is sagging but feel like you do not need a full facelift, the mini lift procedure performed by Dr. Prevot in Geneva may be the perfect solution.\" \/>\n<meta name=\"robots\" content=\"index, follow, max-snippet:-1, max-image-preview:large, max-video-preview:-1\" \/>\n<link rel=\"canonical\" href=\"https:\/\/www.drprevot.com\/en\/cosmetic-surgery\/facial-surgery\/mini-lift\/\" \/>\n<meta property=\"og:locale\" content=\"en_US\" \/>\n<meta property=\"og:type\" content=\"article\" \/>\n<meta property=\"og:title\" content=\"Mini Lift in Geneva - Dr. Prevot, Cosmetic and Reconstructive Surgery\" \/>\n<meta property=\"og:description\" content=\"If you notice that your skin is sagging but feel like you do not need a full facelift, the mini lift procedure performed by Dr. Prevot in Geneva may be the perfect solution.\" \/>\n<meta property=\"og:url\" content=\"https:\/\/www.drprevot.com\/en\/cosmetic-surgery\/facial-surgery\/mini-lift\/\" \/>\n<meta property=\"og:site_name\" content=\"Dr. Marianne Prevot\" \/>\n<meta property=\"article:modified_time\" content=\"2021-03-23T18:17:07+00:00\" \/>\n<meta name=\"twitter:card\" content=\"summary_large_image\" \/>\n<meta name=\"twitter:label1\" content=\"Est. reading time\" \/>\n\t<meta name=\"twitter:data1\" content=\"3 minutes\" \/>\n<script type=\"application\/ld+json\" class=\"yoast-schema-graph\">{\"@context\":\"https:\/\/schema.org\",\"@graph\":[{\"@type\":\"WebPage\",\"@id\":\"https:\/\/www.drprevot.com\/en\/cosmetic-surgery\/facial-surgery\/mini-lift\/\",\"url\":\"https:\/\/www.drprevot.com\/en\/cosmetic-surgery\/facial-surgery\/mini-lift\/\",\"name\":\"Mini Lift in Geneva - Dr. Prevot, Cosmetic and Reconstructive Surgery\",\"isPartOf\":{\"@id\":\"https:\/\/www.drprevot.com\/#website\"},\"datePublished\":\"2021-02-12T13:47:03+00:00\",\"dateModified\":\"2021-03-23T18:17:07+00:00\",\"description\":\"If you notice that your skin is sagging but feel like you do not need a full facelift, the mini lift procedure performed by Dr. Prevot in Geneva may be the perfect solution.\",\"breadcrumb\":{\"@id\":\"https:\/\/www.drprevot.com\/en\/cosmetic-surgery\/facial-surgery\/mini-lift\/#breadcrumb\"},\"inLanguage\":\"en-US\",\"potentialAction\":[{\"@type\":\"ReadAction\",\"target\":[\"https:\/\/www.drprevot.com\/en\/cosmetic-surgery\/facial-surgery\/mini-lift\/\"]}]},{\"@type\":\"BreadcrumbList\",\"@id\":\"https:\/\/www.drprevot.com\/en\/cosmetic-surgery\/facial-surgery\/mini-lift\/#breadcrumb\",\"itemListElement\":[{\"@type\":\"ListItem\",\"position\":1,\"name\":\"Accueil\",\"item\":\"https:\/\/www.drprevot.com\/en\/\"},{\"@type\":\"ListItem\",\"position\":2,\"name\":\"Cosmetic surgery\",\"item\":\"https:\/\/www.drprevot.com\/en\/cosmetic-surgery\/\"},{\"@type\":\"ListItem\",\"position\":3,\"name\":\"Facial surgery\",\"item\":\"https:\/\/www.drprevot.com\/en\/cosmetic-surgery\/facial-surgery\/\"},{\"@type\":\"ListItem\",\"position\":4,\"name\":\"Mini Lift\"}]},{\"@type\":\"WebSite\",\"@id\":\"https:\/\/www.drprevot.com\/#website\",\"url\":\"https:\/\/www.drprevot.com\/\",\"name\":\"Dr. Marianne Prevot\",\"description\":\"\",\"potentialAction\":[{\"@type\":\"SearchAction\",\"target\":{\"@type\":\"EntryPoint\",\"urlTemplate\":\"https:\/\/www.drprevot.com\/?s={search_term_string}\"},\"query-input\":{\"@type\":\"PropertyValueSpecification\",\"valueRequired\":true,\"valueName\":\"search_term_string\"}}],\"inLanguage\":\"en-US\"}]}<\/script>\n<!-- \/ Yoast SEO plugin. -->","yoast_head_json":{"title":"Mini Lift in Geneva - Dr. Prevot, Cosmetic and Reconstructive Surgery","description":"If you notice that your skin is sagging but feel like you do not need a full facelift, the mini lift procedure performed by Dr. Prevot in Geneva may be the perfect solution.","robots":{"index":"index","follow":"follow","max-snippet":"max-snippet:-1","max-image-preview":"max-image-preview:large","max-video-preview":"max-video-preview:-1"},"canonical":"https:\/\/www.drprevot.com\/en\/cosmetic-surgery\/facial-surgery\/mini-lift\/","og_locale":"en_US","og_type":"article","og_title":"Mini Lift in Geneva - Dr. Prevot, Cosmetic and Reconstructive Surgery","og_description":"If you notice that your skin is sagging but feel like you do not need a full facelift, the mini lift procedure performed by Dr. Prevot in Geneva may be the perfect solution.","og_url":"https:\/\/www.drprevot.com\/en\/cosmetic-surgery\/facial-surgery\/mini-lift\/","og_site_name":"Dr. Marianne Prevot","article_modified_time":"2021-03-23T18:17:07+00:00","twitter_card":"summary_large_image","twitter_misc":{"Est. reading time":"3 minutes"},"schema":{"@context":"https:\/\/schema.org","@graph":[{"@type":"WebPage","@id":"https:\/\/www.drprevot.com\/en\/cosmetic-surgery\/facial-surgery\/mini-lift\/","url":"https:\/\/www.drprevot.com\/en\/cosmetic-surgery\/facial-surgery\/mini-lift\/","name":"Mini Lift in Geneva - Dr. Prevot, Cosmetic and Reconstructive Surgery","isPartOf":{"@id":"https:\/\/www.drprevot.com\/#website"},"datePublished":"2021-02-12T13:47:03+00:00","dateModified":"2021-03-23T18:17:07+00:00","description":"If you notice that your skin is sagging but feel like you do not need a full facelift, the mini lift procedure performed by Dr. Prevot in Geneva may be the perfect solution.","breadcrumb":{"@id":"https:\/\/www.drprevot.com\/en\/cosmetic-surgery\/facial-surgery\/mini-lift\/#breadcrumb"},"inLanguage":"en-US","potentialAction":[{"@type":"ReadAction","target":["https:\/\/www.drprevot.com\/en\/cosmetic-surgery\/facial-surgery\/mini-lift\/"]}]},{"@type":"BreadcrumbList","@id":"https:\/\/www.drprevot.com\/en\/cosmetic-surgery\/facial-surgery\/mini-lift\/#breadcrumb","itemListElement":[{"@type":"ListItem","position":1,"name":"Accueil","item":"https:\/\/www.drprevot.com\/en\/"},{"@type":"ListItem","position":2,"name":"Cosmetic surgery","item":"https:\/\/www.drprevot.com\/en\/cosmetic-surgery\/"},{"@type":"ListItem","position":3,"name":"Facial surgery","item":"https:\/\/www.drprevot.com\/en\/cosmetic-surgery\/facial-surgery\/"},{"@type":"ListItem","position":4,"name":"Mini Lift"}]},{"@type":"WebSite","@id":"https:\/\/www.drprevot.com\/#website","url":"https:\/\/www.drprevot.com\/","name":"Dr. Marianne Prevot","description":"","potentialAction":[{"@type":"SearchAction","target":{"@type":"EntryPoint","urlTemplate":"https:\/\/www.drprevot.com\/?s={search_term_string}"},"query-input":{"@type":"PropertyValueSpecification","valueRequired":true,"valueName":"search_term_string"}}],"inLanguage":"en-US"}]}},"_links":{"self":[{"href":"https:\/\/www.drprevot.com\/en\/wp-json\/wp\/v2\/pages\/1369","targetHints":{"allow":["GET"]}}],"collection":[{"href":"https:\/\/www.drprevot.com\/en\/wp-json\/wp\/v2\/pages"}],"about":[{"href":"https:\/\/www.drprevot.com\/en\/wp-json\/wp\/v2\/types\/page"}],"author":[{"embeddable":true,"href":"https:\/\/www.drprevot.com\/en\/wp-json\/wp\/v2\/users\/5"}],"replies":[{"embeddable":true,"href":"https:\/\/www.drprevot.com\/en\/wp-json\/wp\/v2\/comments?post=1369"}],"version-history":[{"count":3,"href":"https:\/\/www.drprevot.com\/en\/wp-json\/wp\/v2\/pages\/1369\/revisions"}],"predecessor-version":[{"id":1659,"href":"https:\/\/www.drprevot.com\/en\/wp-json\/wp\/v2\/pages\/1369\/revisions\/1659"}],"up":[{"embeddable":true,"href":"https:\/\/www.drprevot.com\/en\/wp-json\/wp\/v2\/pages\/1360"}],"wp:attachment":[{"href":"https:\/\/www.drprevot.com\/en\/wp-json\/wp\/v2\/media?parent=1369"}],"curies":[{"name":"wp","href":"https:\/\/api.w.org\/{rel}","templated":true}]}}