{"id":1345,"date":"2025-12-05T11:53:48","date_gmt":"2025-12-05T11:53:48","guid":{"rendered":"https:\/\/www.drprevot.com\/?page_id=1345"},"modified":"2026-04-13T14:59:55","modified_gmt":"2026-04-13T14:59:55","slug":"chirurgie-intime","status":"publish","type":"page","link":"https:\/\/www.drprevot.com\/chirurgie-esthetique\/chirurgie-intime\/","title":{"rendered":"Chirurgie de l&#8217;intime"},"content":{"rendered":"","protected":false},"excerpt":{"rendered":"","protected":false},"author":3,"featured_media":0,"parent":958,"menu_order":0,"comment_status":"open","ping_status":"closed","template":"page-templates\/InternalPage.php","meta":{"_acf_changed":false,"inline_featured_image":false,"footnotes":""},"class_list":["post-1345","page","type-page","status-publish","hentry"],"acf":[],"yoast_head":"<!-- This site is optimized with the Yoast SEO plugin v26.5 - https:\/\/yoast.com\/wordpress\/plugins\/seo\/ -->\n<title>Chirurgie Intime \u00e0 Gen\u00e8ve - Dr. Marianne Prevot, chirurgie esth\u00e9tique<\/title>\n<meta name=\"description\" content=\"L&#039;aspect esth\u00e9tique des parties intimes est d\u00e9sormais de plus en plus abord\u00e9 en chirurgie. Vous pouvez contacter le Dr Marianne Prevot, chirurgien esth\u00e9tique, pour une intervention de chirurgie intime \u00e0 Gen\u00e8ve\" \/>\n<meta name=\"robots\" content=\"index, follow, max-snippet:-1, max-image-preview:large, max-video-preview:-1\" \/>\n<link rel=\"canonical\" href=\"https:\/\/www.drprevot.com\/chirurgie-esthetique\/chirurgie-intime\/\" \/>\n<meta property=\"og:locale\" content=\"en_US\" \/>\n<meta property=\"og:type\" content=\"article\" \/>\n<meta property=\"og:title\" content=\"Chirurgie Intime \u00e0 Gen\u00e8ve - Dr. Marianne Prevot, chirurgie esth\u00e9tique\" \/>\n<meta property=\"og:description\" content=\"L&#039;aspect esth\u00e9tique des parties intimes est d\u00e9sormais de plus en plus abord\u00e9 en chirurgie. Vous pouvez contacter le Dr Marianne Prevot, chirurgien esth\u00e9tique, pour une intervention de chirurgie intime \u00e0 Gen\u00e8ve\" \/>\n<meta property=\"og:url\" content=\"https:\/\/www.drprevot.com\/chirurgie-esthetique\/chirurgie-intime\/\" \/>\n<meta property=\"og:site_name\" content=\"Wordpress\" \/>\n<meta property=\"article:modified_time\" content=\"2026-04-13T14:59:55+00:00\" \/>\n<meta name=\"twitter:card\" content=\"summary_large_image\" \/>\n<script type=\"application\/ld+json\" class=\"yoast-schema-graph\">{\"@context\":\"https:\/\/schema.org\",\"@graph\":[{\"@type\":\"WebPage\",\"@id\":\"https:\/\/www.drprevot.com\/chirurgie-esthetique\/chirurgie-intime\/\",\"url\":\"https:\/\/www.drprevot.com\/chirurgie-esthetique\/chirurgie-intime\/\",\"name\":\"Chirurgie Intime \u00e0 Gen\u00e8ve - Dr. Marianne Prevot, chirurgie esth\u00e9tique\",\"isPartOf\":{\"@id\":\"https:\/\/dr-marianne-prevot.ddev.site\/#website\"},\"datePublished\":\"2025-12-05T11:53:48+00:00\",\"dateModified\":\"2026-04-13T14:59:55+00:00\",\"description\":\"L'aspect esth\u00e9tique des parties intimes est d\u00e9sormais de plus en plus abord\u00e9 en chirurgie. Vous pouvez contacter le Dr Marianne Prevot, chirurgien esth\u00e9tique, pour une intervention de chirurgie intime \u00e0 Gen\u00e8ve\",\"breadcrumb\":{\"@id\":\"https:\/\/www.drprevot.com\/chirurgie-esthetique\/chirurgie-intime\/#breadcrumb\"},\"inLanguage\":\"en-US\",\"potentialAction\":[{\"@type\":\"ReadAction\",\"target\":[\"https:\/\/www.drprevot.com\/chirurgie-esthetique\/chirurgie-intime\/\"]}]},{\"@type\":\"BreadcrumbList\",\"@id\":\"https:\/\/www.drprevot.com\/chirurgie-esthetique\/chirurgie-intime\/#breadcrumb\",\"itemListElement\":[{\"@type\":\"ListItem\",\"position\":1,\"name\":\"Home\",\"item\":\"https:\/\/www.drprevot.com\/en\/\"},{\"@type\":\"ListItem\",\"position\":2,\"name\":\"Chirurgie esth\u00e9tique\",\"item\":\"https:\/\/www.drprevot.com\/chirurgie-esthetique\/\"},{\"@type\":\"ListItem\",\"position\":3,\"name\":\"Chirurgie de l&rsquo;intime\"}]},{\"@type\":\"WebSite\",\"@id\":\"https:\/\/dr-marianne-prevot.ddev.site\/#website\",\"url\":\"https:\/\/dr-marianne-prevot.ddev.site\/\",\"name\":\"Wordpress\",\"description\":\"\",\"potentialAction\":[{\"@type\":\"SearchAction\",\"target\":{\"@type\":\"EntryPoint\",\"urlTemplate\":\"https:\/\/dr-marianne-prevot.ddev.site\/?s={search_term_string}\"},\"query-input\":{\"@type\":\"PropertyValueSpecification\",\"valueRequired\":true,\"valueName\":\"search_term_string\"}}],\"inLanguage\":\"en-US\"}]}<\/script>\n<!-- \/ Yoast SEO plugin. -->","yoast_head_json":{"title":"Chirurgie Intime \u00e0 Gen\u00e8ve - Dr. Marianne Prevot, chirurgie esth\u00e9tique","description":"L'aspect esth\u00e9tique des parties intimes est d\u00e9sormais de plus en plus abord\u00e9 en chirurgie. Vous pouvez contacter le Dr Marianne Prevot, chirurgien esth\u00e9tique, pour une intervention de chirurgie intime \u00e0 Gen\u00e8ve","robots":{"index":"index","follow":"follow","max-snippet":"max-snippet:-1","max-image-preview":"max-image-preview:large","max-video-preview":"max-video-preview:-1"},"canonical":"https:\/\/www.drprevot.com\/chirurgie-esthetique\/chirurgie-intime\/","og_locale":"en_US","og_type":"article","og_title":"Chirurgie Intime \u00e0 Gen\u00e8ve - Dr. Marianne Prevot, chirurgie esth\u00e9tique","og_description":"L'aspect esth\u00e9tique des parties intimes est d\u00e9sormais de plus en plus abord\u00e9 en chirurgie. Vous pouvez contacter le Dr Marianne Prevot, chirurgien esth\u00e9tique, pour une intervention de chirurgie intime \u00e0 Gen\u00e8ve","og_url":"https:\/\/www.drprevot.com\/chirurgie-esthetique\/chirurgie-intime\/","og_site_name":"Wordpress","article_modified_time":"2026-04-13T14:59:55+00:00","twitter_card":"summary_large_image","schema":{"@context":"https:\/\/schema.org","@graph":[{"@type":"WebPage","@id":"https:\/\/www.drprevot.com\/chirurgie-esthetique\/chirurgie-intime\/","url":"https:\/\/www.drprevot.com\/chirurgie-esthetique\/chirurgie-intime\/","name":"Chirurgie Intime \u00e0 Gen\u00e8ve - Dr. Marianne Prevot, chirurgie esth\u00e9tique","isPartOf":{"@id":"https:\/\/dr-marianne-prevot.ddev.site\/#website"},"datePublished":"2025-12-05T11:53:48+00:00","dateModified":"2026-04-13T14:59:55+00:00","description":"L'aspect esth\u00e9tique des parties intimes est d\u00e9sormais de plus en plus abord\u00e9 en chirurgie. Vous pouvez contacter le Dr Marianne Prevot, chirurgien esth\u00e9tique, pour une intervention de chirurgie intime \u00e0 Gen\u00e8ve","breadcrumb":{"@id":"https:\/\/www.drprevot.com\/chirurgie-esthetique\/chirurgie-intime\/#breadcrumb"},"inLanguage":"en-US","potentialAction":[{"@type":"ReadAction","target":["https:\/\/www.drprevot.com\/chirurgie-esthetique\/chirurgie-intime\/"]}]},{"@type":"BreadcrumbList","@id":"https:\/\/www.drprevot.com\/chirurgie-esthetique\/chirurgie-intime\/#breadcrumb","itemListElement":[{"@type":"ListItem","position":1,"name":"Home","item":"https:\/\/www.drprevot.com\/en\/"},{"@type":"ListItem","position":2,"name":"Chirurgie esth\u00e9tique","item":"https:\/\/www.drprevot.com\/chirurgie-esthetique\/"},{"@type":"ListItem","position":3,"name":"Chirurgie de l&rsquo;intime"}]},{"@type":"WebSite","@id":"https:\/\/dr-marianne-prevot.ddev.site\/#website","url":"https:\/\/dr-marianne-prevot.ddev.site\/","name":"Wordpress","description":"","potentialAction":[{"@type":"SearchAction","target":{"@type":"EntryPoint","urlTemplate":"https:\/\/dr-marianne-prevot.ddev.site\/?s={search_term_string}"},"query-input":{"@type":"PropertyValueSpecification","valueRequired":true,"valueName":"search_term_string"}}],"inLanguage":"en-US"}]}},"_links":{"self":[{"href":"https:\/\/www.drprevot.com\/en\/wp-json\/wp\/v2\/pages\/1345","targetHints":{"allow":["GET"]}}],"collection":[{"href":"https:\/\/www.drprevot.com\/en\/wp-json\/wp\/v2\/pages"}],"about":[{"href":"https:\/\/www.drprevot.com\/en\/wp-json\/wp\/v2\/types\/page"}],"author":[{"embeddable":true,"href":"https:\/\/www.drprevot.com\/en\/wp-json\/wp\/v2\/users\/3"}],"replies":[{"embeddable":true,"href":"https:\/\/www.drprevot.com\/en\/wp-json\/wp\/v2\/comments?post=1345"}],"version-history":[{"count":0,"href":"https:\/\/www.drprevot.com\/en\/wp-json\/wp\/v2\/pages\/1345\/revisions"}],"up":[{"embeddable":true,"href":"https:\/\/www.drprevot.com\/en\/wp-json\/wp\/v2\/pages\/958"}],"wp:attachment":[{"href":"https:\/\/www.drprevot.com\/en\/wp-json\/wp\/v2\/media?parent=1345"}],"curies":[{"name":"wp","href":"https:\/\/api.w.org\/{rel}","templated":true}]}}