{"id":1328,"date":"2021-02-09T17:36:20","date_gmt":"2021-02-09T17:36:20","guid":{"rendered":"https:\/\/www.drprevot.com\/?page_id=1328"},"modified":"2021-03-11T17:16:23","modified_gmt":"2021-03-11T17:16:23","slug":"scientific-activity","status":"publish","type":"page","link":"https:\/\/www.drprevot.com\/en\/dr-marianne-prevot\/scientific-activity\/","title":{"rendered":"Scientific activity"},"content":{"rendered":"<p>[vc_row el_class=&#8221;page-title&#8221;][vc_column][vc_column_text el_class=&#8221;title&#8221;]<\/p>\n<h1>Scientific activity<\/h1>\n<p>[\/vc_column_text][vc_column_text][\/vc_column_text][\/vc_column][\/vc_row][vc_row el_class=&#8221;scientific-activities&#8221;][vc_column width=&#8221;5\/12&#8243;][vc_single_image image=&#8221;1329&#8243; img_size=&#8221;full&#8221;][\/vc_column][vc_column width=&#8221;7\/12&#8243;][vc_column_text]<\/p>\n<h2>Within the SOFCPRE:<\/h2>\n<p><strong>Secretary of the History Section. Organization of the National Annual Conference Round Tables<\/strong><\/p>\n<ul>\n<li>2018: History of breasts. History of mastectomy; beginning of breast reconstruction; the controversy of the use of silicon in the United States and in Europe in the 1990\u2019s: what do we make of it 28 years later?; History of reduction mammaplasty; L\u00e9on P\u00e9r\u00e8l (1910-1986) and breast reconstruction.<\/li>\n<li>2019: History of Transplants. Organ transplants and plastic surgery; Joseph Murray (1919-2012) plastic surgeon and Nobel Prize winner Hippolyte Morestin and fat cells graft; History of cartilage transplant.<\/li>\n<\/ul>\n<p class=\"p-border-bottom\"><strong>Head of the work on Ethires Master of Philosophy \u201cPlastic Surgery Mission\u201d<\/strong><\/p>\n<p><strong>Plastic, Reconstructive, and Cosmetic Surgery 2018 Annual Report: Forehead aging. Analysis and treatment. Elsevier.Le rajeunissement du front<\/strong><\/p>\n<h2>Personal work, scientific communications and published articles:<\/h2>\n<h3><strong>SOFCPRE 2015<\/strong><\/h3>\n<ul>\n<li>Directions and contraindications for breast implants in breast ptosis treatment<\/li>\n<\/ul>\n<h3><strong>SFME 2012 (French Society of Cosmetic Surgeons)<\/strong><\/h3>\n<ul>\n<li>How to choose the right botulinum toxin? M. Prevot MD.<\/li>\n<\/ul>\n<h3><strong>ISAPS 2011<\/strong><\/h3>\n<ul>\n<li>How to Ensure the Final Breasts Volume in Augmentation Mammaplasty. M. Prevot. MD.<\/li>\n<li>Criteria for aging lips in women: a review of 100 cases from 47 to 80 years old. M. Prevot MD.<\/li>\n<\/ul>\n<h3><strong>SOFCPRE 2011<\/strong><\/h3>\n<ul>\n<li>Female lip aging criteria: analysis of 100 women with ages ranging from 40 to 80 years old.<\/li>\n<\/ul>\n<h3><strong>SOFCPRE 2010<\/strong><\/h3>\n<ul>\n<li>Surgical treatment for complications following cosmetic procedures. Marianne Prevot; Jacque Buis; Henry Delmar; Laurent Lantieri.<\/li>\n<\/ul>\n<h3><strong>VIDEOFORUM TOULOUSE SOFCPRE 2009<\/strong><\/h3>\n<ul>\n<li>Body cosmetic surgery complications: liposuction and abdominoplasty. Literary review. M. Prevot MD.<\/li>\n<\/ul>\n<p>[\/vc_column_text][\/vc_column][\/vc_row][vc_section disable_element=&#8221;yes&#8221; el_class=&#8221;faq&#8221;][vc_row][vc_column][vc_column_text el_class=&#8221;faq__title&#8221;]<\/p>\n<h1>questions fr\u00e9quentes pos\u00e9es<\/h1>\n<p>[\/vc_column_text][vc_tta_accordion active_section=&#8221;1&#8243; el_class=&#8221;horizontal-accordion horizontal-accordion__first-style&#8221;][vc_tta_section title=&#8221;Lorem ipsum dolor sit amet, consetetur sadipscing elitr ?&#8221; tab_id=&#8221;1542189229176-137b7c0b-b24a&#8221;][vc_column_text]Thalassius vero ea tempestate praefectus praetorio praesens ipse quoque adrogantis ingenii, considerans incitationem eius ad multorum augeri discrimina, non maturitate vel consiliis mitigabat, ut aliquotiens celsae potestates iras principum molliverunt, sed adversando iurgandoque cum parum congrueret, eum ad rabiem potius evibrabat, Augustum actus eius exaggerando creberrime docens, idque, incertum qua mente, ne lateret adfectans. quibus mox Caesar acrius efferatus, velut contumaciae quoddam vexillum altius erigens, sine respectu salutis alienae vel suae ad vertenda opposita instar rapidi fluminis irrevocabili impetu ferebatur. Votre consultation aupr\u00e8s d\u2019un chirurgien plasticien et esth\u00e9tique du visage peut vous aider \u00e0 d\u00e9cider \u00e9galement si un geste chirurgical compl\u00e9mentaire permettrait d&#8217;accro\u00eetre le succ\u00e8s de la chirurgie. Votre chirurgien pourrait ainsi vous recommander la planification d&#8217;une g\u00e9nioplastie (modification du menton, souvent r\u00e9alis\u00e9e dans le m\u00eame temps op\u00e9ratoire pour am\u00e9liorer l\u2019ensemble du profil). Il est pr\u00e9f\u00e9rable d&#8217;attendre la fin de la croissance avant de pratiquer une rhinoplastie, soit 16-18 ans. Les exceptions sont les cas o\u00f9 la respiration est s\u00e9v\u00e8rement atteinte.[\/vc_column_text][\/vc_tta_section][vc_tta_section title=&#8221;Section 2&#8243; tab_id=&#8221;1542189229195-1d8dea94-b72e&#8221;][\/vc_tta_section][\/vc_tta_accordion][\/vc_column][\/vc_row][\/vc_section]<\/p>\n","protected":false},"excerpt":{"rendered":"<p>[vc_row el_class=&#8221;page-title&#8221;][vc_column][vc_column_text el_class=&#8221;title&#8221;] Scientific activity [\/vc_column_text][vc_column_text][\/vc_column_text][\/vc_column][\/vc_row][vc_row el_class=&#8221;scientific-activities&#8221;][vc_column width=&#8221;5\/12&#8243;][vc_single_image image=&#8221;1329&#8243; img_size=&#8221;full&#8221;][\/vc_column][vc_column width=&#8221;7\/12&#8243;][vc_column_text] Within the SOFCPRE: Secretary of the History Section. Organization of the National Annual Conference Round Tables 2018: History of breasts. History of mastectomy; beginning of breast reconstruction; the controversy of the use of silicon in the United States and in Europe in the 1990\u2019s: [&hellip;]<\/p>\n","protected":false},"author":5,"featured_media":0,"parent":1321,"menu_order":0,"comment_status":"open","ping_status":"closed","template":"template-internal-page.php","meta":{"_acf_changed":false,"footnotes":""},"class_list":["post-1328","page","type-page","status-publish","hentry"],"acf":[],"yoast_head":"<!-- This site is optimized with the Yoast SEO plugin v27.1.1 - https:\/\/yoast.com\/product\/yoast-seo-wordpress\/ -->\n<title>Scientific Contributions - Cosmetic and Reconstructive Surgery in Geneva<\/title>\n<meta name=\"description\" content=\"Dr. Prevot, a cosmetic and reconstructive surgeon located in Geneva, contributes to the scientific community through her research presented at different conferences: SOFCPRE, ISAPS, etc. Learn more online.\" \/>\n<meta name=\"robots\" content=\"index, follow, max-snippet:-1, max-image-preview:large, max-video-preview:-1\" \/>\n<link rel=\"canonical\" href=\"https:\/\/www.drprevot.com\/en\/dr-marianne-prevot\/scientific-activity\/\" \/>\n<meta property=\"og:locale\" content=\"en_US\" \/>\n<meta property=\"og:type\" content=\"article\" \/>\n<meta property=\"og:title\" content=\"Scientific Contributions - Cosmetic and Reconstructive Surgery in Geneva\" \/>\n<meta property=\"og:description\" content=\"Dr. Prevot, a cosmetic and reconstructive surgeon located in Geneva, contributes to the scientific community through her research presented at different conferences: SOFCPRE, ISAPS, etc. Learn more online.\" \/>\n<meta property=\"og:url\" content=\"https:\/\/www.drprevot.com\/en\/dr-marianne-prevot\/scientific-activity\/\" \/>\n<meta property=\"og:site_name\" content=\"Dr. Marianne Prevot\" \/>\n<meta property=\"article:modified_time\" content=\"2021-03-11T17:16:23+00:00\" \/>\n<meta name=\"twitter:card\" content=\"summary_large_image\" \/>\n<meta name=\"twitter:label1\" content=\"Est. reading time\" \/>\n\t<meta name=\"twitter:data1\" content=\"2 minutes\" \/>\n<script type=\"application\/ld+json\" class=\"yoast-schema-graph\">{\"@context\":\"https:\/\/schema.org\",\"@graph\":[{\"@type\":\"WebPage\",\"@id\":\"https:\/\/www.drprevot.com\/en\/dr-marianne-prevot\/scientific-activity\/\",\"url\":\"https:\/\/www.drprevot.com\/en\/dr-marianne-prevot\/scientific-activity\/\",\"name\":\"Scientific Contributions - Cosmetic and Reconstructive Surgery in Geneva\",\"isPartOf\":{\"@id\":\"https:\/\/www.drprevot.com\/#website\"},\"datePublished\":\"2021-02-09T17:36:20+00:00\",\"dateModified\":\"2021-03-11T17:16:23+00:00\",\"description\":\"Dr. Prevot, a cosmetic and reconstructive surgeon located in Geneva, contributes to the scientific community through her research presented at different conferences: SOFCPRE, ISAPS, etc. Learn more online.\",\"breadcrumb\":{\"@id\":\"https:\/\/www.drprevot.com\/en\/dr-marianne-prevot\/scientific-activity\/#breadcrumb\"},\"inLanguage\":\"en-US\",\"potentialAction\":[{\"@type\":\"ReadAction\",\"target\":[\"https:\/\/www.drprevot.com\/en\/dr-marianne-prevot\/scientific-activity\/\"]}]},{\"@type\":\"BreadcrumbList\",\"@id\":\"https:\/\/www.drprevot.com\/en\/dr-marianne-prevot\/scientific-activity\/#breadcrumb\",\"itemListElement\":[{\"@type\":\"ListItem\",\"position\":1,\"name\":\"Accueil\",\"item\":\"https:\/\/www.drprevot.com\/en\/\"},{\"@type\":\"ListItem\",\"position\":2,\"name\":\"Dr. Marianne Prevot\",\"item\":\"https:\/\/www.drprevot.com\/en\/dr-marianne-prevot\/\"},{\"@type\":\"ListItem\",\"position\":3,\"name\":\"Scientific activity\"}]},{\"@type\":\"WebSite\",\"@id\":\"https:\/\/www.drprevot.com\/#website\",\"url\":\"https:\/\/www.drprevot.com\/\",\"name\":\"Dr. Marianne Prevot\",\"description\":\"\",\"potentialAction\":[{\"@type\":\"SearchAction\",\"target\":{\"@type\":\"EntryPoint\",\"urlTemplate\":\"https:\/\/www.drprevot.com\/?s={search_term_string}\"},\"query-input\":{\"@type\":\"PropertyValueSpecification\",\"valueRequired\":true,\"valueName\":\"search_term_string\"}}],\"inLanguage\":\"en-US\"}]}<\/script>\n<!-- \/ Yoast SEO plugin. -->","yoast_head_json":{"title":"Scientific Contributions - Cosmetic and Reconstructive Surgery in Geneva","description":"Dr. Prevot, a cosmetic and reconstructive surgeon located in Geneva, contributes to the scientific community through her research presented at different conferences: SOFCPRE, ISAPS, etc. Learn more online.","robots":{"index":"index","follow":"follow","max-snippet":"max-snippet:-1","max-image-preview":"max-image-preview:large","max-video-preview":"max-video-preview:-1"},"canonical":"https:\/\/www.drprevot.com\/en\/dr-marianne-prevot\/scientific-activity\/","og_locale":"en_US","og_type":"article","og_title":"Scientific Contributions - Cosmetic and Reconstructive Surgery in Geneva","og_description":"Dr. Prevot, a cosmetic and reconstructive surgeon located in Geneva, contributes to the scientific community through her research presented at different conferences: SOFCPRE, ISAPS, etc. Learn more online.","og_url":"https:\/\/www.drprevot.com\/en\/dr-marianne-prevot\/scientific-activity\/","og_site_name":"Dr. Marianne Prevot","article_modified_time":"2021-03-11T17:16:23+00:00","twitter_card":"summary_large_image","twitter_misc":{"Est. reading time":"2 minutes"},"schema":{"@context":"https:\/\/schema.org","@graph":[{"@type":"WebPage","@id":"https:\/\/www.drprevot.com\/en\/dr-marianne-prevot\/scientific-activity\/","url":"https:\/\/www.drprevot.com\/en\/dr-marianne-prevot\/scientific-activity\/","name":"Scientific Contributions - Cosmetic and Reconstructive Surgery in Geneva","isPartOf":{"@id":"https:\/\/www.drprevot.com\/#website"},"datePublished":"2021-02-09T17:36:20+00:00","dateModified":"2021-03-11T17:16:23+00:00","description":"Dr. Prevot, a cosmetic and reconstructive surgeon located in Geneva, contributes to the scientific community through her research presented at different conferences: SOFCPRE, ISAPS, etc. Learn more online.","breadcrumb":{"@id":"https:\/\/www.drprevot.com\/en\/dr-marianne-prevot\/scientific-activity\/#breadcrumb"},"inLanguage":"en-US","potentialAction":[{"@type":"ReadAction","target":["https:\/\/www.drprevot.com\/en\/dr-marianne-prevot\/scientific-activity\/"]}]},{"@type":"BreadcrumbList","@id":"https:\/\/www.drprevot.com\/en\/dr-marianne-prevot\/scientific-activity\/#breadcrumb","itemListElement":[{"@type":"ListItem","position":1,"name":"Accueil","item":"https:\/\/www.drprevot.com\/en\/"},{"@type":"ListItem","position":2,"name":"Dr. Marianne Prevot","item":"https:\/\/www.drprevot.com\/en\/dr-marianne-prevot\/"},{"@type":"ListItem","position":3,"name":"Scientific activity"}]},{"@type":"WebSite","@id":"https:\/\/www.drprevot.com\/#website","url":"https:\/\/www.drprevot.com\/","name":"Dr. Marianne Prevot","description":"","potentialAction":[{"@type":"SearchAction","target":{"@type":"EntryPoint","urlTemplate":"https:\/\/www.drprevot.com\/?s={search_term_string}"},"query-input":{"@type":"PropertyValueSpecification","valueRequired":true,"valueName":"search_term_string"}}],"inLanguage":"en-US"}]}},"_links":{"self":[{"href":"https:\/\/www.drprevot.com\/en\/wp-json\/wp\/v2\/pages\/1328","targetHints":{"allow":["GET"]}}],"collection":[{"href":"https:\/\/www.drprevot.com\/en\/wp-json\/wp\/v2\/pages"}],"about":[{"href":"https:\/\/www.drprevot.com\/en\/wp-json\/wp\/v2\/types\/page"}],"author":[{"embeddable":true,"href":"https:\/\/www.drprevot.com\/en\/wp-json\/wp\/v2\/users\/5"}],"replies":[{"embeddable":true,"href":"https:\/\/www.drprevot.com\/en\/wp-json\/wp\/v2\/comments?post=1328"}],"version-history":[{"count":2,"href":"https:\/\/www.drprevot.com\/en\/wp-json\/wp\/v2\/pages\/1328\/revisions"}],"predecessor-version":[{"id":1331,"href":"https:\/\/www.drprevot.com\/en\/wp-json\/wp\/v2\/pages\/1328\/revisions\/1331"}],"up":[{"embeddable":true,"href":"https:\/\/www.drprevot.com\/en\/wp-json\/wp\/v2\/pages\/1321"}],"wp:attachment":[{"href":"https:\/\/www.drprevot.com\/en\/wp-json\/wp\/v2\/media?parent=1328"}],"curies":[{"name":"wp","href":"https:\/\/api.w.org\/{rel}","templated":true}]}}