{"id":1321,"date":"2025-12-05T11:17:57","date_gmt":"2025-12-05T11:17:57","guid":{"rendered":"https:\/\/www.drprevot.com\/?page_id=1321"},"modified":"2026-04-13T11:37:45","modified_gmt":"2026-04-13T11:37:45","slug":"abdominoplastie","status":"publish","type":"page","link":"https:\/\/www.drprevot.com\/chirurgie-esthetique\/chirurgie-de-la-silhouette\/abdominoplastie\/","title":{"rendered":"Abdominoplastie"},"content":{"rendered":"","protected":false},"excerpt":{"rendered":"","protected":false},"author":3,"featured_media":0,"parent":1313,"menu_order":0,"comment_status":"open","ping_status":"closed","template":"page-templates\/InternalPage.php","meta":{"_acf_changed":false,"inline_featured_image":false,"footnotes":""},"class_list":["post-1321","page","type-page","status-publish","hentry"],"acf":[],"yoast_head":"<!-- This site is optimized with the Yoast SEO plugin v26.5 - https:\/\/yoast.com\/wordpress\/plugins\/seo\/ -->\n<title>Abdominoplastie \u00e0 Gen\u00e8ve | Prix | Dr Prevot, chirurgie esth\u00e9tique &amp; r\u00e9paratrice<\/title>\n<meta name=\"description\" content=\"En d\u00e9pit d&#039;efforts r\u00e9p\u00e9t\u00e9s pour muscler votre ventre et perdre votre graisse vous n&#039;y parvenez pas ? Venez d\u00e9couvrir l&#039;abdominoplastie \u00e0 Gen\u00e8ve du Docteur Marianne Prevot, chirurgien esth\u00e9tique\" \/>\n<meta name=\"robots\" content=\"index, follow, max-snippet:-1, max-image-preview:large, max-video-preview:-1\" \/>\n<link rel=\"canonical\" href=\"https:\/\/www.drprevot.com\/chirurgie-esthetique\/chirurgie-de-la-silhouette\/abdominoplastie\/\" \/>\n<meta property=\"og:locale\" content=\"en_US\" \/>\n<meta property=\"og:type\" content=\"article\" \/>\n<meta property=\"og:title\" content=\"Abdominoplastie \u00e0 Gen\u00e8ve | Prix | Dr Prevot, chirurgie esth\u00e9tique &amp; r\u00e9paratrice\" \/>\n<meta property=\"og:description\" content=\"En d\u00e9pit d&#039;efforts r\u00e9p\u00e9t\u00e9s pour muscler votre ventre et perdre votre graisse vous n&#039;y parvenez pas ? Venez d\u00e9couvrir l&#039;abdominoplastie \u00e0 Gen\u00e8ve du Docteur Marianne Prevot, chirurgien esth\u00e9tique\" \/>\n<meta property=\"og:url\" content=\"https:\/\/www.drprevot.com\/chirurgie-esthetique\/chirurgie-de-la-silhouette\/abdominoplastie\/\" \/>\n<meta property=\"og:site_name\" content=\"Wordpress\" \/>\n<meta property=\"article:modified_time\" content=\"2026-04-13T11:37:45+00:00\" \/>\n<meta name=\"twitter:card\" content=\"summary_large_image\" \/>\n<script type=\"application\/ld+json\" class=\"yoast-schema-graph\">{\"@context\":\"https:\/\/schema.org\",\"@graph\":[{\"@type\":\"WebPage\",\"@id\":\"https:\/\/www.drprevot.com\/chirurgie-esthetique\/chirurgie-de-la-silhouette\/abdominoplastie\/\",\"url\":\"https:\/\/www.drprevot.com\/chirurgie-esthetique\/chirurgie-de-la-silhouette\/abdominoplastie\/\",\"name\":\"Abdominoplastie \u00e0 Gen\u00e8ve | Prix | Dr Prevot, chirurgie esth\u00e9tique & r\u00e9paratrice\",\"isPartOf\":{\"@id\":\"https:\/\/dr-marianne-prevot.ddev.site\/#website\"},\"datePublished\":\"2025-12-05T11:17:57+00:00\",\"dateModified\":\"2026-04-13T11:37:45+00:00\",\"description\":\"En d\u00e9pit d'efforts r\u00e9p\u00e9t\u00e9s pour muscler votre ventre et perdre votre graisse vous n'y parvenez pas ? Venez d\u00e9couvrir l'abdominoplastie \u00e0 Gen\u00e8ve du Docteur Marianne Prevot, chirurgien esth\u00e9tique\",\"breadcrumb\":{\"@id\":\"https:\/\/www.drprevot.com\/chirurgie-esthetique\/chirurgie-de-la-silhouette\/abdominoplastie\/#breadcrumb\"},\"inLanguage\":\"en-US\",\"potentialAction\":[{\"@type\":\"ReadAction\",\"target\":[\"https:\/\/www.drprevot.com\/chirurgie-esthetique\/chirurgie-de-la-silhouette\/abdominoplastie\/\"]}]},{\"@type\":\"BreadcrumbList\",\"@id\":\"https:\/\/www.drprevot.com\/chirurgie-esthetique\/chirurgie-de-la-silhouette\/abdominoplastie\/#breadcrumb\",\"itemListElement\":[{\"@type\":\"ListItem\",\"position\":1,\"name\":\"Home\",\"item\":\"https:\/\/www.drprevot.com\/en\/\"},{\"@type\":\"ListItem\",\"position\":2,\"name\":\"Chirurgie esth\u00e9tique\",\"item\":\"https:\/\/www.drprevot.com\/chirurgie-esthetique\/\"},{\"@type\":\"ListItem\",\"position\":3,\"name\":\"Chirurgie de la silhouette\",\"item\":\"https:\/\/www.drprevot.com\/chirurgie-esthetique\/chirurgie-de-la-silhouette\/\"},{\"@type\":\"ListItem\",\"position\":4,\"name\":\"Abdominoplastie\"}]},{\"@type\":\"WebSite\",\"@id\":\"https:\/\/dr-marianne-prevot.ddev.site\/#website\",\"url\":\"https:\/\/dr-marianne-prevot.ddev.site\/\",\"name\":\"Wordpress\",\"description\":\"\",\"potentialAction\":[{\"@type\":\"SearchAction\",\"target\":{\"@type\":\"EntryPoint\",\"urlTemplate\":\"https:\/\/dr-marianne-prevot.ddev.site\/?s={search_term_string}\"},\"query-input\":{\"@type\":\"PropertyValueSpecification\",\"valueRequired\":true,\"valueName\":\"search_term_string\"}}],\"inLanguage\":\"en-US\"}]}<\/script>\n<!-- \/ Yoast SEO plugin. -->","yoast_head_json":{"title":"Abdominoplastie \u00e0 Gen\u00e8ve | Prix | Dr Prevot, chirurgie esth\u00e9tique & r\u00e9paratrice","description":"En d\u00e9pit d'efforts r\u00e9p\u00e9t\u00e9s pour muscler votre ventre et perdre votre graisse vous n'y parvenez pas ? Venez d\u00e9couvrir l'abdominoplastie \u00e0 Gen\u00e8ve du Docteur Marianne Prevot, chirurgien esth\u00e9tique","robots":{"index":"index","follow":"follow","max-snippet":"max-snippet:-1","max-image-preview":"max-image-preview:large","max-video-preview":"max-video-preview:-1"},"canonical":"https:\/\/www.drprevot.com\/chirurgie-esthetique\/chirurgie-de-la-silhouette\/abdominoplastie\/","og_locale":"en_US","og_type":"article","og_title":"Abdominoplastie \u00e0 Gen\u00e8ve | Prix | Dr Prevot, chirurgie esth\u00e9tique & r\u00e9paratrice","og_description":"En d\u00e9pit d'efforts r\u00e9p\u00e9t\u00e9s pour muscler votre ventre et perdre votre graisse vous n'y parvenez pas ? Venez d\u00e9couvrir l'abdominoplastie \u00e0 Gen\u00e8ve du Docteur Marianne Prevot, chirurgien esth\u00e9tique","og_url":"https:\/\/www.drprevot.com\/chirurgie-esthetique\/chirurgie-de-la-silhouette\/abdominoplastie\/","og_site_name":"Wordpress","article_modified_time":"2026-04-13T11:37:45+00:00","twitter_card":"summary_large_image","schema":{"@context":"https:\/\/schema.org","@graph":[{"@type":"WebPage","@id":"https:\/\/www.drprevot.com\/chirurgie-esthetique\/chirurgie-de-la-silhouette\/abdominoplastie\/","url":"https:\/\/www.drprevot.com\/chirurgie-esthetique\/chirurgie-de-la-silhouette\/abdominoplastie\/","name":"Abdominoplastie \u00e0 Gen\u00e8ve | Prix | Dr Prevot, chirurgie esth\u00e9tique & r\u00e9paratrice","isPartOf":{"@id":"https:\/\/dr-marianne-prevot.ddev.site\/#website"},"datePublished":"2025-12-05T11:17:57+00:00","dateModified":"2026-04-13T11:37:45+00:00","description":"En d\u00e9pit d'efforts r\u00e9p\u00e9t\u00e9s pour muscler votre ventre et perdre votre graisse vous n'y parvenez pas ? Venez d\u00e9couvrir l'abdominoplastie \u00e0 Gen\u00e8ve du Docteur Marianne Prevot, chirurgien esth\u00e9tique","breadcrumb":{"@id":"https:\/\/www.drprevot.com\/chirurgie-esthetique\/chirurgie-de-la-silhouette\/abdominoplastie\/#breadcrumb"},"inLanguage":"en-US","potentialAction":[{"@type":"ReadAction","target":["https:\/\/www.drprevot.com\/chirurgie-esthetique\/chirurgie-de-la-silhouette\/abdominoplastie\/"]}]},{"@type":"BreadcrumbList","@id":"https:\/\/www.drprevot.com\/chirurgie-esthetique\/chirurgie-de-la-silhouette\/abdominoplastie\/#breadcrumb","itemListElement":[{"@type":"ListItem","position":1,"name":"Home","item":"https:\/\/www.drprevot.com\/en\/"},{"@type":"ListItem","position":2,"name":"Chirurgie esth\u00e9tique","item":"https:\/\/www.drprevot.com\/chirurgie-esthetique\/"},{"@type":"ListItem","position":3,"name":"Chirurgie de la silhouette","item":"https:\/\/www.drprevot.com\/chirurgie-esthetique\/chirurgie-de-la-silhouette\/"},{"@type":"ListItem","position":4,"name":"Abdominoplastie"}]},{"@type":"WebSite","@id":"https:\/\/dr-marianne-prevot.ddev.site\/#website","url":"https:\/\/dr-marianne-prevot.ddev.site\/","name":"Wordpress","description":"","potentialAction":[{"@type":"SearchAction","target":{"@type":"EntryPoint","urlTemplate":"https:\/\/dr-marianne-prevot.ddev.site\/?s={search_term_string}"},"query-input":{"@type":"PropertyValueSpecification","valueRequired":true,"valueName":"search_term_string"}}],"inLanguage":"en-US"}]}},"_links":{"self":[{"href":"https:\/\/www.drprevot.com\/en\/wp-json\/wp\/v2\/pages\/1321","targetHints":{"allow":["GET"]}}],"collection":[{"href":"https:\/\/www.drprevot.com\/en\/wp-json\/wp\/v2\/pages"}],"about":[{"href":"https:\/\/www.drprevot.com\/en\/wp-json\/wp\/v2\/types\/page"}],"author":[{"embeddable":true,"href":"https:\/\/www.drprevot.com\/en\/wp-json\/wp\/v2\/users\/3"}],"replies":[{"embeddable":true,"href":"https:\/\/www.drprevot.com\/en\/wp-json\/wp\/v2\/comments?post=1321"}],"version-history":[{"count":0,"href":"https:\/\/www.drprevot.com\/en\/wp-json\/wp\/v2\/pages\/1321\/revisions"}],"up":[{"embeddable":true,"href":"https:\/\/www.drprevot.com\/en\/wp-json\/wp\/v2\/pages\/1313"}],"wp:attachment":[{"href":"https:\/\/www.drprevot.com\/en\/wp-json\/wp\/v2\/media?parent=1321"}],"curies":[{"name":"wp","href":"https:\/\/api.w.org\/{rel}","templated":true}]}}